{"id":1457,"date":"2025-10-27T11:08:31","date_gmt":"2025-10-27T10:08:31","guid":{"rendered":"https:\/\/laukiarkitektura.eus\/pribatasun-politika\/"},"modified":"2026-01-08T01:20:39","modified_gmt":"2026-01-08T00:20:39","slug":"politica-de-privacidad","status":"publish","type":"page","link":"https:\/\/laukiarkitektura.eus\/es\/politica-de-privacidad\/","title":{"rendered":"Pol\u00edtica de privacidad"},"content":{"rendered":"\n<div class=\"wp-block-group wrap\"><div class=\"wp-block-group__inner-container is-layout-constrained wp-block-group-is-layout-constrained\">\n<h1 class=\"wp-block-heading\">Pol\u00edtica de privacidad<\/h1>\n\n\n\n<p><strong>Denominaci\u00f3n Social:<\/strong>&nbsp;Asier Mas Echeverria y Otra C.B.<br><strong>Direcci\u00f3n:<\/strong>&nbsp;C\/ Juan Gisasola 10, 20600- Eibar, GIPUZKOA.<br><strong>CIF:<\/strong>&nbsp;E75222109<br><strong>Correo electr\u00f3nico:<\/strong>&nbsp;info@laukiarkitektura.eus<\/p>\n\n\n\n<h2 class=\"wp-block-heading\"><strong><strong>Protecci\u00f3n de datos personales<\/strong><\/strong><\/h2>\n\n\n\n<p>En esta web, propiedad de Asier Mas Echeverria y Otra C.B., aseguramos la total protecci\u00f3n de los datos de car\u00e1cter personal proporcionados por nuestros usuarios.<\/p>\n\n\n\n<p>En esta secci\u00f3n ponemos a disposici\u00f3n del interesado la informaci\u00f3n legal o pol\u00edtica de privacidad correspondiente a los distintos tratamientos de datos llevados a cabo por nuestra empresa.<\/p>\n\n\n\n<p>Nos reservamos el derecho a modificar esta Pol\u00edtica de Privacidad en cualquier momento, adapt\u00e1ndola a novedades legislativas o cambios en la web. Se recomienda revisarla peri\u00f3dicamente.<\/p>\n\n\n\n<p>En funci\u00f3n de cu\u00e1l sea su relaci\u00f3n con nuestra empresa, le ser\u00e1 aplicable la correspondiente pol\u00edtica de privacidad:<\/p>\n\n\n\n<h3 class=\"wp-block-heading\"><strong><strong>Contactos<\/strong><\/strong><\/h3>\n\n\n\n<p><strong>\u00bfQui\u00e9n es el responsable de sus datos?<\/strong><br>De acuerdo con lo establecido por la Ley Org\u00e1nica 3\/2018, de 5 de diciembre, de Protecci\u00f3n de Datos Personales y garant\u00eda de los derechos digitales (LOPD) y el Reglamento General de Protecci\u00f3n de Datos (RGPD) de 27 de Abril de 2016, le informamos que los datos personales aportados ser\u00e1n tratados por Asier Mas Echeverria y Otra C.B. con CIF E75222109.<\/p>\n\n\n\n<p><strong>\u00bfCon qu\u00e9 finalidad tratamos sus datos personales?<\/strong><br>Los datos aportados por usted son necesarios para poder prestarle con todas las garant\u00edas el servicio solicitado, y ser\u00e1n tratados con las siguientes finalidades: Gesti\u00f3n de los datos de contacto para la comunicaci\u00f3n, prospecci\u00f3n comercial y env\u00edo de publicidad.<\/p>\n\n\n\n<p><strong>\u00bfPor cu\u00e1nto tiempo conservaremos sus datos?<\/strong><br>Los datos personales proporcionados se conservar\u00e1n mientras se prevea que pueden ser necesarios para contactar con el interesado.<\/p>\n\n\n\n<p><strong>\u00bfCu\u00e1l es la legitimaci\u00f3n para el tratamiento de sus datos?<\/strong><br>La base legal para el tratamiento de sus datos es el consentimiento del interesado al proporcionar sus datos de contacto.<\/p>\n\n\n\n<p><strong>\u00bfA qu\u00e9 destinatarios se comunicar\u00e1n sus datos?<\/strong><br>Sus datos no se ceder\u00e1n a terceros salvo obligaci\u00f3n legal o por servicios de terceros utilizados en la web, como:<\/p>\n\n\n\n<ul class=\"wp-block-list\">\n<li>Google Analytics (servicio de an\u00e1lisis web de Google).<\/li>\n\n\n\n<li>Google Maps (para mostrar mapas).<\/li>\n\n\n\n<li>Redes sociales (Instagram, Facebook) al interactuar con los enlaces externos.<\/li>\n<\/ul>\n\n\n\n<p><strong>\u00bfCu\u00e1les son sus derechos cuando nos facilita sus datos?<\/strong><br>Cualquier persona tiene derecho a solicitar el acceso, rectificaci\u00f3n, supresi\u00f3n, limitaci\u00f3n del tratamiento, oposici\u00f3n o derecho a la portabilidad de sus datos personales, escribi\u00e9ndonos a la direcci\u00f3n de nuestras oficinas, o enviando un correo electr\u00f3nico a&nbsp;<a href=\"mailto:info@laukiarkitektura.eus\">info@laukiarkitektura.eus<\/a> indicando el derecho que desea ejercer.<\/p>\n\n\n\n<p>Tendr\u00e1 derecho igualmente a retirar el consentimiento prestado en cualquier momento. La retirada del consentimiento no afectar\u00e1 a la licitud del tratamiento efectuado antes de la retirada de dicho consentimiento.<\/p>\n\n\n\n<h3 class=\"wp-block-heading\"><strong><strong>Clientes<\/strong><\/strong><\/h3>\n\n\n\n<p><strong>\u00bfQui\u00e9n es el responsable de sus datos?<\/strong><br>De acuerdo con lo establecido por la Ley Org\u00e1nica 3\/2018, de 5 de diciembre, de Protecci\u00f3n de Datos Personales y garant\u00eda de los derechos digitales (LOPD) y el Reglamento General de Protecci\u00f3n de Datos (RGPD) de 27 de Abril de 2016, le informamos que los datos personales aportados ser\u00e1n tratados por Asier Mas Echeverria y Otra C.B. con CIF E75222109.<\/p>\n\n\n\n<p><strong>\u00bfCon qu\u00e9 finalidad tratamos sus datos personales?<\/strong><br>Los datos aportados por usted son necesarios para poder prestarle con todas las garant\u00edas el servicio solicitado, y ser\u00e1n tratados con las siguientes finalidades: Gesti\u00f3n administrativa, contable y fiscal, gesti\u00f3n de las relaciones comerciales y transacciones econ\u00f3micas, acciones de marketing y publicidad en general.<\/p>\n\n\n\n<p><strong>\u00bfPor cu\u00e1nto tiempo conservaremos sus datos?<\/strong><br>Los datos personales proporcionados se conservar\u00e1n hasta la finalizaci\u00f3n de la relaci\u00f3n contractual y, posteriormente, durante los plazos legalmente exigidos.<\/p>\n\n\n\n<p><strong>\u00bfCu\u00e1l es la legitimaci\u00f3n para el tratamiento de sus datos?<br><br><\/strong>La base legal para el tratamiento de sus datos es la ejecuci\u00f3n del contrato suscrito con nosotros.<\/p>\n\n\n\n<p><strong>\u00bfA qu\u00e9 destinatarios se comunicar\u00e1n sus datos?<\/strong><br>Para cumplir con la finalidad prevista, sus datos podr\u00e1n ser comunicados a: Administraci\u00f3n tributaria; Bancos, cajas de ahorros y cajas rurales; Administraci\u00f3n p\u00fablica con competencia en la materia.<\/p>\n\n\n\n<p><strong>\u00bfCu\u00e1les son sus derechos cuando nos facilita sus datos?<br><br><\/strong>Cualquier persona tiene derecho a solicitar el acceso, rectificaci\u00f3n, supresi\u00f3n, limitaci\u00f3n del tratamiento, oposici\u00f3n o derecho a la portabilidad de sus datos personales, escribi\u00e9ndonos a la direcci\u00f3n de nuestras oficinas, o enviando un correo electr\u00f3nico a&nbsp;<a href=\"mailto:info@laukiarkitektura.eus\">info@laukiarkitektura.eus<\/a>, indicando el derecho que desea ejercer.<br>Tendr\u00e1 derecho igualmente a retirar el consentimiento prestado en cualquier momento. La retirada del consentimiento no afectar\u00e1 a la licitud del tratamiento efectuado antes de la retirada de dicho consentimiento.<\/p>\n<\/div><\/div>\n","protected":false},"excerpt":{"rendered":"<p>Pol\u00edtica de privacidad Denominaci\u00f3n Social:&nbsp;Asier Mas Echeverria y Otra C.B.Direcci\u00f3n:&nbsp;C\/ Juan Gisasola 10, 20600- Eibar, GIPUZKOA.CIF:&nbsp;E75222109Correo electr\u00f3nico:&nbsp;info@laukiarkitektura.eus Protecci\u00f3n de datos personales En esta web, propiedad de Asier Mas Echeverria y Otra C.B., aseguramos la total protecci\u00f3n de los datos de car\u00e1cter personal proporcionados por nuestros usuarios. En esta secci\u00f3n ponemos a disposici\u00f3n del interesado la [&hellip;]<\/p>\n","protected":false},"author":3,"featured_media":0,"parent":0,"menu_order":0,"comment_status":"closed","ping_status":"closed","template":"page-templates\/page-full-width.php","meta":{"_acf_changed":false,"footnotes":""},"class_list":["post-1457","page","type-page","status-publish","hentry"],"acf":[],"_links":{"self":[{"href":"https:\/\/laukiarkitektura.eus\/es\/wp-json\/wp\/v2\/pages\/1457","targetHints":{"allow":["GET"]}}],"collection":[{"href":"https:\/\/laukiarkitektura.eus\/es\/wp-json\/wp\/v2\/pages"}],"about":[{"href":"https:\/\/laukiarkitektura.eus\/es\/wp-json\/wp\/v2\/types\/page"}],"author":[{"embeddable":true,"href":"https:\/\/laukiarkitektura.eus\/es\/wp-json\/wp\/v2\/users\/3"}],"replies":[{"embeddable":true,"href":"https:\/\/laukiarkitektura.eus\/es\/wp-json\/wp\/v2\/comments?post=1457"}],"version-history":[{"count":4,"href":"https:\/\/laukiarkitektura.eus\/es\/wp-json\/wp\/v2\/pages\/1457\/revisions"}],"predecessor-version":[{"id":1487,"href":"https:\/\/laukiarkitektura.eus\/es\/wp-json\/wp\/v2\/pages\/1457\/revisions\/1487"}],"wp:attachment":[{"href":"https:\/\/laukiarkitektura.eus\/es\/wp-json\/wp\/v2\/media?parent=1457"}],"curies":[{"name":"wp","href":"https:\/\/api.w.org\/{rel}","templated":true}]}}