{"id":319,"date":"2025-07-07T19:19:41","date_gmt":"2025-07-07T17:19:41","guid":{"rendered":"https:\/\/laukiarkitektura.eus\/guri-buruz\/"},"modified":"2026-03-13T13:02:10","modified_gmt":"2026-03-13T12:02:10","slug":"sobre-nosotros","status":"publish","type":"page","link":"https:\/\/laukiarkitektura.eus\/es\/sobre-nosotros\/","title":{"rendered":"Sobre nosotros"},"content":{"rendered":"\n\n\n<div id=\"block-texto-comun-block_51d70633ff19eff22f32ca667e15a2c0\" class=\"block-texto-comun\">\n    <div class=\"wrap\">\n        <div class=\"block-texto-comun__container\">\n            <h1 class=\"block-texto-comun__container__title\">\n                Somos un equipo de profesionales j\u00f3venes y con experiencia que amamos crear espacios para la vida            <\/h1>\n            <div class=\"block-texto-comun__container__text\">\n                <p>Nuestros caminos se unieron para iniciar este proyecto de vida y llevamos trabajando desde 2019 en nuestro estudio que creamos junto a Idurre Iriondo.<\/p>\n<p>Trabajamos para crear arquitectura natural, sostenible, saludable, duradera, renovable y confortable para mejorar la vida de nuestros clientes. Nos especializamos en bioconstrucci\u00f3n y construcci\u00f3n en madera. Nos hemos unido para formar un equipo multidisciplinar y contamos con todas las herramientas necesarias. La precisi\u00f3n de este equipo refleja la tranquilidad de nuestros clientes para llevar a cabo <strong><a href=\"https:\/\/laukiarkitektura.eus\/es\/proyectos-de-arquitectura\/\">proyectos de arquitectura<\/a><\/strong> con entusiasmo, eficiencia y transparencia.<\/p>\n            <\/div>\n                            <p><a class=\"block-texto-comun__container__button\" rel=\"\" href=\"https:\/\/laukiarkitektura.eus\/es\/sobre-nosotros\/#contacto\" target=\"_self\" rel=\"nofollow\">Contactar<\/a><\/p>  \n                    <\/div>\n    <\/div>\n<\/div>\n\n\n\n\n\n<div id=\"block-about-block_0d73fbd8bb48298ebf8aca2a2f68e048\" class=\"block-about\">\n    <div class=\"wrap\">\n        <div class=\"block-about__control block-about__control--2-columns\">\n                            <div class=\"block-about__control__item\">\n                    <div class=\"block-about__control__item__image\">\n                                                <img decoding=\"async\" src=\"https:\/\/laukiarkitektura.eus\/wp-content\/uploads\/2025\/07\/Asier.jpg\" alt=\"\" title=\"\">\n                                        <\/div>\n                    <div class=\"block-about__control__item__text\">\n                        <p class=\"block-about__control__item__text__name\">Asier Mas<\/p>\n                        <p class=\"block-about__control__item__text__description\"><p>Aparejador, Grado en Arquitectura T\u00e9cnica por la Escuela Polit\u00e9cnica Superior de la Universidad de Burgos.<\/p>\n<\/p>\n                    <\/div>\n                <\/div>\n                            <div class=\"block-about__control__item\">\n                    <div class=\"block-about__control__item__image\">\n                                                <img decoding=\"async\" src=\"https:\/\/laukiarkitektura.eus\/wp-content\/uploads\/2025\/07\/Maite.jpg\" alt=\"Sobre nosotros. Estudio de arquitectura Euskadi | Maite Beristain arquitecta\" title=\"\">\n                                        <\/div>\n                    <div class=\"block-about__control__item__text\">\n                        <p class=\"block-about__control__item__text__name\">Maite Beristain<\/p>\n                        <p class=\"block-about__control__item__text__description\"><p>Arquitecta por la Escuela T\u00e9cnica Superior de Arquitectura de la UPV\/EHU. M\u00e1ster en Estructuras de Madera, Construcci\u00f3n y Dise\u00f1o, y M\u00e1ster en Bioconstrucci\u00f3n por el Instituto Espa\u00f1ol de Baubiologie IEB.<\/p>\n<\/p>\n                    <\/div>\n                <\/div>\n                    <\/div>\n    <\/div>\n<\/div>\n\n\n\n\n<p><\/p>\n","protected":false},"excerpt":{"rendered":"","protected":false},"author":1,"featured_media":323,"parent":0,"menu_order":0,"comment_status":"closed","ping_status":"closed","template":"page-templates\/page-full-width.php","meta":{"_acf_changed":false,"footnotes":""},"class_list":["post-319","page","type-page","status-publish","has-post-thumbnail","hentry"],"acf":[],"_links":{"self":[{"href":"https:\/\/laukiarkitektura.eus\/es\/wp-json\/wp\/v2\/pages\/319","targetHints":{"allow":["GET"]}}],"collection":[{"href":"https:\/\/laukiarkitektura.eus\/es\/wp-json\/wp\/v2\/pages"}],"about":[{"href":"https:\/\/laukiarkitektura.eus\/es\/wp-json\/wp\/v2\/types\/page"}],"author":[{"embeddable":true,"href":"https:\/\/laukiarkitektura.eus\/es\/wp-json\/wp\/v2\/users\/1"}],"replies":[{"embeddable":true,"href":"https:\/\/laukiarkitektura.eus\/es\/wp-json\/wp\/v2\/comments?post=319"}],"version-history":[{"count":16,"href":"https:\/\/laukiarkitektura.eus\/es\/wp-json\/wp\/v2\/pages\/319\/revisions"}],"predecessor-version":[{"id":1900,"href":"https:\/\/laukiarkitektura.eus\/es\/wp-json\/wp\/v2\/pages\/319\/revisions\/1900"}],"wp:featuredmedia":[{"embeddable":true,"href":"https:\/\/laukiarkitektura.eus\/es\/wp-json\/wp\/v2\/media\/323"}],"wp:attachment":[{"href":"https:\/\/laukiarkitektura.eus\/es\/wp-json\/wp\/v2\/media?parent=319"}],"curies":[{"name":"wp","href":"https:\/\/api.w.org\/{rel}","templated":true}]}}