{"id":326,"date":"2025-07-07T19:54:39","date_gmt":"2025-07-07T17:54:39","guid":{"rendered":"https:\/\/laukiarkitektura.eus\/lan-egiteko-modua\/"},"modified":"2026-04-02T10:00:33","modified_gmt":"2026-04-02T08:00:33","slug":"arquitectura-sostenible-eibar","status":"publish","type":"page","link":"https:\/\/laukiarkitektura.eus\/es\/arquitectura-sostenible-eibar\/","title":{"rendered":"Arquitectura sostenible Eibar"},"content":{"rendered":"\n\n\n<div id=\"block-como-trabajamos-block_62f82ed6bfe7f94f2a1873321466222f\" class=\"block-como-trabajamos\">\n    <div class=\"wrap\">\n        <div class=\"block-como-trabajamos__control\">\n            <div class=\"block-como-trabajamos__control__text\">\n                <h2 class=\"block-como-trabajamos__control__text__title\">\n                    Seguimos principios de bioconstrucci\u00f3n: proponemos una arquitectura sostenible cuidando la salud de los usuarios                <\/h2>\n                <div class=\"block-como-trabajamos__control__text__text\">\n                    <p>En nuestros proyectos aplicamos los principios de la arquitectura pasiva, proponiendo dise\u00f1os eficientes cuyo objetivo es reducir el consumo energ\u00e9tico. La <strong>SOSTENIBILIDAD <\/strong>no consiste \u00fanicamente en el uso de materiales ecol\u00f3gicos, sino que es una actitud a la hora de tomar decisiones: optimizando el consumo de energ\u00eda y proyectando con respeto hacia el medio ambiente.<\/p>\n<p>La integraci\u00f3n en el medio natural, en las condiciones del lugar y en el clima es la clave de la arquitectura sostenible. En primer lugar, siguiendo criterios bioclim\u00e1ticos, analizamos las posibilidades de aplicar medidas pasivas que permitan reducir la demanda de calefacci\u00f3n y refrigeraci\u00f3n de los edificios, aumentando al mismo tiempo el confort sin necesidad de sistemas mec\u00e1nicos. Entre estas medidas se incluyen la correcta orientaci\u00f3n de los edificios y los espacios, el estudio de la exposici\u00f3n solar, el control de la compacidad del edificio, la reducci\u00f3n de las p\u00e9rdidas de calor y fr\u00edo mediante una construcci\u00f3n bien aislada y con inercia t\u00e9rmica, as\u00ed como el fomento del aprovechamiento de la luz natural y de la ventilaci\u00f3n cruzada o natural.<\/p>\n<p>A continuaci\u00f3n, apostamos por el uso de energ\u00edas renovables para dar respuesta a la demanda energ\u00e9tica del edificio. Fomentamos el aprovechamiento de la energ\u00eda solar, la energ\u00eda del aire y la biomasa, incorporando en nuestros proyectos paneles solares, estufas de inercia y sistemas de aerotermia. M\u00e1s all\u00e1 de la fuente de energ\u00eda, promovemos una construcci\u00f3n <strong>RENOVABLE<\/strong>, basada en una selecci\u00f3n consciente de materiales. Buscamos impulsar una edificaci\u00f3n de bajo consumo considerando todo su ciclo de vida, ya que no tiene sentido reducir la demanda energ\u00e9tica de un edificio mediante sistemas y materiales que impliquen un alto consumo y coste en su producci\u00f3n.<\/p>\n<p>Apostamos por el uso de materiales<strong> NATURALES<\/strong>, sin dejar de lado los avances t\u00e9cnicos y tecnol\u00f3gicos. Con este objetivo, nos hemos especializado en la construcci\u00f3n en madera y la bioconstrucci\u00f3n, combinando el conocimiento tradicional con los sistemas constructivos actuales para mejorar la calidad y el confort, y garantizar la <strong>DURABILIDAD<\/strong> de lo construido. Apostamos por la rehabilitaci\u00f3n del patrimonio edificado, aprovechando y reparando todo lo posible, ya que en el mundo de la construcci\u00f3n con demasiada frecuencia se opta por derribar y empezar de cero, olvidando los criterios culturales y ecol\u00f3gicos.<\/p>\n<p>A medida que hemos adquirido conocimientos sobre bioconstrucci\u00f3n, hemos tomado conciencia de la influencia que el entorno construido ejerce sobre la salud y el bienestar de las personas usuarias, y hemos reflexionado sobre las medidas necesarias para reducir esos efectos perjudiciales. En los edificios que proyectamos asumimos el compromiso de minimizar al m\u00e1ximo dichos impactos, con el objetivo de crear espacios <strong>SALUDABLES<\/strong> para nuestros clientes.<\/p>\n<p>El aire que respiramos dentro de nuestras viviendas suele estar contaminado por toxinas y part\u00edculas COV (compuestos org\u00e1nicos vol\u00e1tiles) liberadas por los propios materiales de construcci\u00f3n, llegando a ser m\u00e1s contaminado que el aire de las calles urbanas llenas de coches. Adem\u00e1s, vivimos expuestos a un n\u00famero creciente de campos electromagn\u00e9ticos artificiales, que pueden tener efectos perjudiciales sobre el descanso de nuestro cuerpo. Mediante una serie de criterios establecidos en la fase de proyecto, exigimos a la construcci\u00f3n un valor a\u00f1adido: no ser perjudicial para la salud de las personas usuarias.<\/p>\n                <\/div>\n                            <\/div>\n            <div class=\"block-como-trabajamos__control__image\">\n                                    <img decoding=\"async\" src=\"https:\/\/laukiarkitektura.eus\/wp-content\/uploads\/2025\/10\/230424-Lauki-Untzaga-Pasilo-3-scaled.jpg\" alt=\"\" title=\"\">\n                                <div class=\"block-como-trabajamos__control__image__text\">\n                    <p>Dise\u00f1amos espacios que se adaptan a las distintas etapas de la vida, ya que la vida es cambiante y nuestras necesidades tambi\u00e9n lo son. Nos gustan las propuestas flexibles y adaptables que respondan al aumento o disminuci\u00f3n de los miembros de la familia, al crecimiento de los ni\u00f1os, a las necesidades de las personas mayores, al teletrabajo, a los hobbies, a la jubilaci\u00f3n, a la accesibilidad y a cualquier otra circunstancia, dejando atr\u00e1s la rigidez. Proponemos una arquitectura para vivir: <strong>CONFORTABLE<\/strong>, funcional y vers\u00e1til.<\/p>\n<p>Nuestro servicio consiste en analizar la situaci\u00f3n y las necesidades de cada cliente y aprovechar del mejor modo posible los recursos disponibles, ya que eso tambi\u00e9n forma parte de la sostenibilidad. Ofrecemos una visi\u00f3n hol\u00edstica, ayudando a encontrar el equilibrio entre las m\u00faltiples decisiones que implica involucrarse en un proyecto y a priorizar lo verdaderamente importante dentro de cada uno.<\/p>\n<p>En LAUKI Arquitectura apostamos por proyectos y propuestas acogedoras y flexibles, junto con un seguimiento y control riguroso de todo el proceso.<\/p>\n                <\/div>\n            <\/div>\n        <\/div>\n    <\/div>\n<\/div>\n\n\n\n\n<div id=\"block-proyectos-destacados-block_daa2c225bd6932422a5e5406e1b9e446\" class=\"block-proyectos-destacados\">\n    <div class=\"wrap\">\n        <p class=\"block-proyectos-destacados__title\">Proyectos destacados<\/p>\n        <div class=\"block-proyectos-destacados__list\">\n                                            \n<div class=\"project__item\">\n\n    <div class=\"project__item__image\">\n        <div class=\"project__item__image__animation\">\n                        <a href=\"https:\/\/laukiarkitektura.eus\/es\/proyecto\/je-2-4-luz-color-y-madera\/\" rel=\"nofollow\" class=\"project__item__link\">\n                <img decoding=\"async\" src=\"https:\/\/laukiarkitektura.eus\/wp-content\/uploads\/2025\/10\/arquitecto-reforma-bioclimatica-reforma-integral-reformas-cerca-de-mi-arquitectura-y-diseno-zona-de-comedor.jpg\" alt=\"JE 2-4 &#8211; Luz, color y madera\" rel=\"nofollow\" title=\"\">\n            <\/a>\n        <\/div>\n    <\/div>\n    <div class=\"project__item__text\">\n        <p class=\"project__item__text__title\">\n            <a href=\"https:\/\/laukiarkitektura.eus\/es\/proyecto\/je-2-4-luz-color-y-madera\/\" class=\"project__item__link\" rel=\"nofollow\">Luz, color y madera<\/a>        <\/p>\n        <p class=\"project__item__text__description\">\n            Reforma de vivienda (Eibar)        <\/p>\n    <\/div>\n    <div class=\"project__item__button\">\n        <a class=\"btn\" href=\"https:\/\/laukiarkitektura.eus\/es\/proyecto\/je-2-4-luz-color-y-madera\/\" class=\"button\" rel=\"nofollow\">\n            Para ver m\u00e1s        <\/a>\n    <\/div>\n<\/div>                                             \n<div class=\"project__item\">\n\n    <div class=\"project__item__image\">\n        <div class=\"project__item__image__animation\">\n                        <a href=\"https:\/\/laukiarkitektura.eus\/es\/proyecto\/adaptarse-a-la-vida-jardineta\/\" rel=\"nofollow\" class=\"project__item__link\">\n                <img decoding=\"async\" src=\"https:\/\/laukiarkitektura.eus\/wp-content\/uploads\/2025\/07\/reforma-casa-reforma-integral-arquitecto-bioconstruccion-cocina-comedor-salon.jpg\" alt=\"Jardi\u00f1eta EIBAR &#8211; Adaptarse a la vida\" rel=\"nofollow\" title=\"\">\n            <\/a>\n        <\/div>\n    <\/div>\n    <div class=\"project__item__text\">\n        <p class=\"project__item__text__title\">\n            <a href=\"https:\/\/laukiarkitektura.eus\/es\/proyecto\/adaptarse-a-la-vida-jardineta\/\" class=\"project__item__link\" rel=\"nofollow\">Adaptarse a la vida<\/a>        <\/p>\n        <p class=\"project__item__text__description\">\n            Reforma de vivienda (Eibar)        <\/p>\n    <\/div>\n    <div class=\"project__item__button\">\n        <a class=\"btn\" href=\"https:\/\/laukiarkitektura.eus\/es\/proyecto\/adaptarse-a-la-vida-jardineta\/\" class=\"button\" rel=\"nofollow\">\n            Para ver m\u00e1s        <\/a>\n    <\/div>\n<\/div>                                             \n<div class=\"project__item\">\n\n    <div class=\"project__item__image\">\n        <div class=\"project__item__image__animation\">\n                        <a href=\"https:\/\/laukiarkitektura.eus\/es\/proyecto\/botiola-respetando-la-arquitectura-original\/\" rel=\"nofollow\" class=\"project__item__link\">\n                <img decoding=\"async\" src=\"https:\/\/laukiarkitektura.eus\/wp-content\/uploads\/2025\/10\/reforma-casa-reforma-integral-arquitecto-arquitectura-madera-arquitectura-bioclimatica-detalle-balcon-y-cubierta-de-madera.jpg\" alt=\"BOTIOLA &#8211; Respetando la arquitectura original\" rel=\"nofollow\" title=\"\">\n            <\/a>\n        <\/div>\n    <\/div>\n    <div class=\"project__item__text\">\n        <p class=\"project__item__text__title\">\n            <a href=\"https:\/\/laukiarkitektura.eus\/es\/proyecto\/botiola-respetando-la-arquitectura-original\/\" class=\"project__item__link\" rel=\"nofollow\">Respetando la arquitectura original<\/a>        <\/p>\n        <p class=\"project__item__text__description\">\n            Reforma de caser\u00edo (Fruiz)        <\/p>\n    <\/div>\n    <div class=\"project__item__button\">\n        <a class=\"btn\" href=\"https:\/\/laukiarkitektura.eus\/es\/proyecto\/botiola-respetando-la-arquitectura-original\/\" class=\"button\" rel=\"nofollow\">\n            Para ver m\u00e1s        <\/a>\n    <\/div>\n<\/div>               \n        <\/div>\n    <\/div>\n<\/div>\n\n\n\n\n<p><\/p>\n","protected":false},"excerpt":{"rendered":"","protected":false},"author":1,"featured_media":0,"parent":0,"menu_order":0,"comment_status":"closed","ping_status":"closed","template":"page-templates\/page-full-width.php","meta":{"_acf_changed":false,"footnotes":""},"class_list":["post-326","page","type-page","status-publish","hentry"],"acf":[],"_links":{"self":[{"href":"https:\/\/laukiarkitektura.eus\/es\/wp-json\/wp\/v2\/pages\/326","targetHints":{"allow":["GET"]}}],"collection":[{"href":"https:\/\/laukiarkitektura.eus\/es\/wp-json\/wp\/v2\/pages"}],"about":[{"href":"https:\/\/laukiarkitektura.eus\/es\/wp-json\/wp\/v2\/types\/page"}],"author":[{"embeddable":true,"href":"https:\/\/laukiarkitektura.eus\/es\/wp-json\/wp\/v2\/users\/1"}],"replies":[{"embeddable":true,"href":"https:\/\/laukiarkitektura.eus\/es\/wp-json\/wp\/v2\/comments?post=326"}],"version-history":[{"count":11,"href":"https:\/\/laukiarkitektura.eus\/es\/wp-json\/wp\/v2\/pages\/326\/revisions"}],"predecessor-version":[{"id":2295,"href":"https:\/\/laukiarkitektura.eus\/es\/wp-json\/wp\/v2\/pages\/326\/revisions\/2295"}],"wp:attachment":[{"href":"https:\/\/laukiarkitektura.eus\/es\/wp-json\/wp\/v2\/media?parent=326"}],"curies":[{"name":"wp","href":"https:\/\/api.w.org\/{rel}","templated":true}]}}